{"id":434,"date":"2026-01-12T22:45:40","date_gmt":"2026-01-12T21:45:40","guid":{"rendered":"https:\/\/htl3report.htlwien3.schulwebspace.at\/?page_id=434"},"modified":"2026-01-19T20:53:13","modified_gmt":"2026-01-19T19:53:13","slug":"report-toft","status":"publish","type":"page","link":"https:\/\/htl3report.htlwien3.schulwebspace.at\/?page_id=434","title":{"rendered":"Artikel-TOFT"},"content":{"rendered":"\t\t<div data-elementor-type=\"wp-page\" data-elementor-id=\"434\" class=\"elementor elementor-434\">\n\t\t\t\t<div class=\"elementor-element elementor-element-1b88197 e-flex e-con-boxed e-con e-parent\" data-id=\"1b88197\" data-element_type=\"container\">\n\t\t\t\t\t<div class=\"e-con-inner\">\n\t\t\t\t<div class=\"elementor-element elementor-element-b779563 elementor-widget elementor-widget-heading\" data-id=\"b779563\" data-element_type=\"widget\" data-widget_type=\"heading.default\">\n\t\t\t\t\t<h2 class=\"elementor-heading-title elementor-size-default\">Tag der offenen T\u00fcr<\/h2>\t\t\t\t<\/div>\n\t\t\t\t<div class=\"elementor-element elementor-element-5c59f3b elementor-widget elementor-widget-heading\" data-id=\"5c59f3b\" data-element_type=\"widget\" data-widget_type=\"heading.default\">\n\t\t\t\t\t<h2 class=\"elementor-heading-title elementor-size-default\">07.11.2025 &amp; 08.11.2025<\/h2>\t\t\t\t<\/div>\n\t\t\t\t\t<\/div>\n\t\t\t\t<\/div>\n\t\t<div class=\"elementor-element elementor-element-877e9a3 e-flex e-con-boxed e-con e-parent\" data-id=\"877e9a3\" data-element_type=\"container\">\n\t\t\t\t\t<div class=\"e-con-inner\">\n\t\t\t\t<div class=\"elementor-element elementor-element-f77add3 elementor-widget elementor-widget-image\" data-id=\"f77add3\" data-element_type=\"widget\" data-widget_type=\"image.default\">\n\t\t\t\t\t\t\t\t\t\t\t\t\t\t\t<img decoding=\"async\" src=\"https:\/\/htl3report.htlwien3.schulwebspace.at\/wp-content\/uploads\/elementor\/thumbs\/093A0020-scaled-rhibtob7tva73gb6v5l5edfk7ymar8vfomez9dr6m8.jpg\" title=\"Audio Labor\" alt=\"Audio Labor\" loading=\"lazy\" \/>\t\t\t\t\t\t\t\t\t\t\t\t\t\t\t<\/div>\n\t\t\t\t<div class=\"elementor-element elementor-element-515d6ad elementor-widget elementor-widget-text-editor\" data-id=\"515d6ad\" data-element_type=\"widget\" data-widget_type=\"text-editor.default\">\n\t\t\t\t\t\t\t\t\t<p><span data-teams=\"true\">Am 7. und 8. November 2025 \u00f6ffnete die HTL Rennweg erneut ihre T\u00fcren und verwandelte sich f\u00fcr zwei Tage in einen Ort voller Neugier, Begegnungen und erster Zukunftstr\u00e4ume. Zahlreiche BesucherInnen folgten der Einladung \u2013 darunter viele Sch\u00fclerInnen der Unterstufen gemeinsam mit ihren Erziehungsberechtigten \u2013, um die Schule kennenzulernen und einen Blick hinter die Kulissen des technischen Schulalltags zu werfen.<\/span><\/p>\t\t\t\t\t\t\t\t<\/div>\n\t\t\t\t\t<\/div>\n\t\t\t\t<\/div>\n\t\t<div class=\"elementor-element elementor-element-e9d6cad e-flex e-con-boxed e-con e-parent\" data-id=\"e9d6cad\" data-element_type=\"container\">\n\t\t\t\t\t<div class=\"e-con-inner\">\n\t\t<div class=\"elementor-element elementor-element-3605102 e-con-full e-flex e-con e-child\" data-id=\"3605102\" data-element_type=\"container\">\n\t\t\t\t<div class=\"elementor-element elementor-element-c2c9b4d elementor-widget elementor-widget-image\" data-id=\"c2c9b4d\" data-element_type=\"widget\" data-widget_type=\"image.default\">\n\t\t\t\t\t\t\t\t\t\t\t\t\t\t\t<img decoding=\"async\" src=\"https:\/\/htl3report.htlwien3.schulwebspace.at\/wp-content\/uploads\/elementor\/thumbs\/093A0015-scaled-rhibr9ttae4z1hyhe4weixujjo67988vewd3ugixd8.jpg\" title=\"MEDT Projekt\" alt=\"MEDT Projekt\" loading=\"lazy\" \/>\t\t\t\t\t\t\t\t\t\t\t\t\t\t\t<\/div>\n\t\t\t\t<\/div>\n\t\t<div class=\"elementor-element elementor-element-f01785e e-con-full e-flex e-con e-child\" data-id=\"f01785e\" data-element_type=\"container\">\n\t\t\t\t<div class=\"elementor-element elementor-element-e10605d elementor-widget elementor-widget-text-editor\" data-id=\"e10605d\" data-element_type=\"widget\" data-widget_type=\"text-editor.default\">\n\t\t\t\t\t\t\t\t\t<p><span data-teams=\"true\">Schon beim Betreten des modernen, lichtdurchfluteten Schulgeb\u00e4udes war die besondere Atmosph\u00e4re sp\u00fcrbar. In den G\u00e4ngen wurde gelacht, gefragt, gestaunt und diskutiert. F\u00fchrungen durch das Haus boten spannende Einblicke, w\u00e4hrend in den Labors und Werkst\u00e4tten eindrucksvolle Vorf\u00fchrungen der Sch\u00fclerInnen und LehrerInnen stattfanden. Technik wurde hier nicht nur erkl\u00e4rt, sondern lebendig und greifbar gemacht.<\/span><\/p>\t\t\t\t\t\t\t\t<\/div>\n\t\t\t\t<\/div>\n\t\t\t\t\t<\/div>\n\t\t\t\t<\/div>\n\t\t<div class=\"elementor-element elementor-element-251ce7d e-flex e-con-boxed e-con e-parent\" data-id=\"251ce7d\" data-element_type=\"container\">\n\t\t\t\t\t<div class=\"e-con-inner\">\n\t\t\t\t<div class=\"elementor-element elementor-element-32d8edd elementor-widget elementor-widget-text-editor\" data-id=\"32d8edd\" data-element_type=\"widget\" data-widget_type=\"text-editor.default\">\n\t\t\t\t\t\t\t\t\t<p><span data-teams=\"true\">Mit viel Engagement nahmen sich LehrerInnen, Sch\u00fclerInnen und die Schulleitung Zeit f\u00fcr pers\u00f6nliche Gespr\u00e4che. Sie informierten \u00fcber das vielf\u00e4ltige Bildungsangebot, beantworteten Fragen zur Anmeldung und erz\u00e4hlten vom Schulalltag an der HTL Rennweg. F\u00fcr viele BesucherInnen war es der erste direkte Kontakt mit der Schule \u2013 ein Moment, in dem aus blo\u00dfem Interesse langsam Begeisterung wurde.<\/span><\/p>\t\t\t\t\t\t\t\t<\/div>\n\t\t\t\t\t<\/div>\n\t\t\t\t<\/div>\n\t\t<div class=\"elementor-element elementor-element-fbc4108 e-flex e-con-boxed e-con e-parent\" data-id=\"fbc4108\" data-element_type=\"container\">\n\t\t\t\t\t<div class=\"e-con-inner\">\n\t\t<div class=\"elementor-element elementor-element-c6bb2ff e-con-full e-flex e-con e-child\" data-id=\"c6bb2ff\" data-element_type=\"container\">\n\t\t\t\t<div class=\"elementor-element elementor-element-57216c6 elementor-widget elementor-widget-text-editor\" data-id=\"57216c6\" data-element_type=\"widget\" data-widget_type=\"text-editor.default\">\n\t\t\t\t\t\t\t\t\t<p><span data-teams=\"true\">Der Tag der offenen T\u00fcr war f\u00fcr zahlreiche G\u00e4ste mehr als nur eine Informationsveranstaltung. Er war eine Reise in die eigene Zukunft: Manche sahen sich selbst zum ersten Mal in einem Labor stehen, andere entdeckten neue Interessen oder f\u00fchlten sich von der offenen, wertsch\u00e4tzenden Stimmung angesprochen. Die HTL Rennweg zeigte sich dabei nicht nur als Ausbildungsst\u00e4tte, sondern als Gemeinschaft, in der Lernen, Innovation und Zusammenhalt gro\u00dfgeschrieben werden.<\/span><\/p>\t\t\t\t\t\t\t\t<\/div>\n\t\t\t\t<\/div>\n\t\t<div class=\"elementor-element elementor-element-0a2b40d e-con-full e-flex e-con e-child\" data-id=\"0a2b40d\" data-element_type=\"container\">\n\t\t\t\t<div class=\"elementor-element elementor-element-125c919 elementor-widget elementor-widget-image\" data-id=\"125c919\" data-element_type=\"widget\" data-widget_type=\"image.default\">\n\t\t\t\t\t\t\t\t\t\t\t\t\t\t\t<img decoding=\"async\" src=\"https:\/\/htl3report.htlwien3.schulwebspace.at\/wp-content\/uploads\/elementor\/thumbs\/093A0005-scaled-rhibh8vsdkn3ruf6l92k5fxd8ewlbdpfxg8b1q7eiu.jpg\" title=\"TOFT Buffet\" alt=\"TOFT Buffet\" loading=\"lazy\" \/>\t\t\t\t\t\t\t\t\t\t\t\t\t\t\t<\/div>\n\t\t\t\t<\/div>\n\t\t\t\t\t<\/div>\n\t\t\t\t<\/div>\n\t\t<div class=\"elementor-element elementor-element-7bf444c e-flex e-con-boxed e-con e-parent\" data-id=\"7bf444c\" data-element_type=\"container\">\n\t\t\t\t\t<div class=\"e-con-inner\">\n\t\t\t\t<div class=\"elementor-element elementor-element-dc1941a elementor-widget elementor-widget-text-editor\" data-id=\"dc1941a\" data-element_type=\"widget\" data-widget_type=\"text-editor.default\">\n\t\t\t\t\t\t\t\t\t<p>Auch am Samstagvormittag setzte sich dieses Bild fort. Trotz der fr\u00fchen Stunde war das Haus erf\u00fcllt von Stimmen, neugierigen Blicken und vielen Gespr\u00e4chen, die noch lange nachwirkten. Am Ende nahmen die BesucherInnen nicht nur Informationsmaterial mit nach Hause, sondern vor allem Eindr\u00fccke, Inspiration und das Gef\u00fchl, willkommen gewesen zu sein.\u00a0<\/p>\t\t\t\t\t\t\t\t<\/div>\n\t\t\t\t\t<\/div>\n\t\t\t\t<\/div>\n\t\t<div class=\"elementor-element elementor-element-860cbaf e-flex e-con-boxed e-con e-parent\" data-id=\"860cbaf\" data-element_type=\"container\">\n\t\t\t\t\t<div class=\"e-con-inner\">\n\t\t<div class=\"elementor-element elementor-element-bbd84cc e-con-full e-flex e-con e-child\" data-id=\"bbd84cc\" data-element_type=\"container\">\n\t\t\t\t<div class=\"elementor-element elementor-element-b8dd69d elementor-widget elementor-widget-image\" data-id=\"b8dd69d\" data-element_type=\"widget\" data-widget_type=\"image.default\">\n\t\t\t\t\t\t\t\t\t\t\t\t\t\t\t<img decoding=\"async\" src=\"https:\/\/htl3report.htlwien3.schulwebspace.at\/wp-content\/uploads\/elementor\/thumbs\/093A0013-scaled-rhibpmlx67hshsf2gogow89joud0kn67049bz6mvt8.jpg\" title=\"Aula mit Besucher:innen\" alt=\"Aula mit Besucher:innen\" loading=\"lazy\" \/>\t\t\t\t\t\t\t\t\t\t\t\t\t\t\t<\/div>\n\t\t\t\t<\/div>\n\t\t<div class=\"elementor-element elementor-element-88d8930 e-con-full e-flex e-con e-child\" data-id=\"88d8930\" data-element_type=\"container\">\n\t\t\t\t<div class=\"elementor-element elementor-element-c2b8410 elementor-widget elementor-widget-text-editor\" data-id=\"c2b8410\" data-element_type=\"widget\" data-widget_type=\"text-editor.default\">\n\t\t\t\t\t\t\t\t\t<p>F\u00fcr alle, die im November nicht dabei sein konnten, gibt es eine weitere Gelegenheit: Am 23. J\u00e4nner 2026 \u00f6ffnet die HTL Rennweg erneut ihre T\u00fcren und l\u00e4dt herzlich dazu ein, die Schule pers\u00f6nlich kennenzulernen, Fragen zu stellen und die besondere Atmosph\u00e4re selbst zu erleben.<\/p><p>Und genau das macht die Tage der offenen T\u00fcr so wertvoll: Sie zeigen, dass die HTL Rennweg mehr ist als ein Ort des Lernens. Sie ist ein Ort, an dem Interessen wachsen, Talente entdeckt werden und Zukunft beginnt \u2013 heute, morgen und weit dar\u00fcber hinaus.<\/p>\t\t\t\t\t\t\t\t<\/div>\n\t\t\t\t<\/div>\n\t\t\t\t\t<\/div>\n\t\t\t\t<\/div>\n\t\t<div class=\"elementor-element elementor-element-2459312 e-flex e-con-boxed e-con e-parent\" data-id=\"2459312\" data-element_type=\"container\">\n\t\t\t\t\t<div class=\"e-con-inner\">\n\t\t\t\t<div class=\"elementor-element elementor-element-abe916b elementor-widget elementor-widget-spacer\" data-id=\"abe916b\" data-element_type=\"widget\" data-widget_type=\"spacer.default\">\n\t\t\t\t\t\t\t<div class=\"elementor-spacer\">\n\t\t\t<div class=\"elementor-spacer-inner\"><\/div>\n\t\t<\/div>\n\t\t\t\t\t\t<\/div>\n\t\t\t\t\t<\/div>\n\t\t\t\t<\/div>\n\t\t<div class=\"elementor-element elementor-element-afc8160 e-flex e-con-boxed e-con e-parent\" data-id=\"afc8160\" data-element_type=\"container\">\n\t\t\t\t\t<div class=\"e-con-inner\">\n\t\t<div class=\"elementor-element elementor-element-3357aed e-con-full e-flex e-con e-child\" data-id=\"3357aed\" data-element_type=\"container\">\n\t\t\t\t<div class=\"elementor-element elementor-element-839f2b4 elementor-align-center elementor-mobile-align-center elementor-widget__width-initial e-transform elementor-widget elementor-widget-button\" data-id=\"839f2b4\" data-element_type=\"widget\" data-settings=\"{&quot;_transform_translateY_effect_hover&quot;:{&quot;unit&quot;:&quot;px&quot;,&quot;size&quot;:-8,&quot;sizes&quot;:[]},&quot;_transform_translateX_effect_hover&quot;:{&quot;unit&quot;:&quot;px&quot;,&quot;size&quot;:&quot;&quot;,&quot;sizes&quot;:[]},&quot;_transform_translateX_effect_hover_tablet&quot;:{&quot;unit&quot;:&quot;px&quot;,&quot;size&quot;:&quot;&quot;,&quot;sizes&quot;:[]},&quot;_transform_translateX_effect_hover_mobile&quot;:{&quot;unit&quot;:&quot;px&quot;,&quot;size&quot;:&quot;&quot;,&quot;sizes&quot;:[]},&quot;_transform_translateY_effect_hover_tablet&quot;:{&quot;unit&quot;:&quot;px&quot;,&quot;size&quot;:&quot;&quot;,&quot;sizes&quot;:[]},&quot;_transform_translateY_effect_hover_mobile&quot;:{&quot;unit&quot;:&quot;px&quot;,&quot;size&quot;:&quot;&quot;,&quot;sizes&quot;:[]}}\" data-widget_type=\"button.default\">\n\t\t\t\t\t\t\t\t\t\t<a class=\"elementor-button elementor-button-link elementor-size-sm\" href=\"https:\/\/htl3report.htlwien3.schulwebspace.at\/?page_id=309\">\n\t\t\t\t\t\t<span class=\"elementor-button-content-wrapper\">\n\t\t\t\t\t\t\t\t\t<span class=\"elementor-button-text\">Zur\u00fcck zur \u00dcbersicht<\/span>\n\t\t\t\t\t<\/span>\n\t\t\t\t\t<\/a>\n\t\t\t\t\t\t\t\t<\/div>\n\t\t\t\t<\/div>\n\t\t<div class=\"elementor-element elementor-element-dc5ad2a e-con-full e-flex e-con e-child\" data-id=\"dc5ad2a\" data-element_type=\"container\">\n\t\t\t\t<div class=\"elementor-element elementor-element-2c5d944 elementor-align-center elementor-mobile-align-center elementor-widget__width-initial e-transform elementor-widget elementor-widget-button\" data-id=\"2c5d944\" data-element_type=\"widget\" data-settings=\"{&quot;_transform_translateY_effect_hover&quot;:{&quot;unit&quot;:&quot;px&quot;,&quot;size&quot;:-8,&quot;sizes&quot;:[]},&quot;_transform_translateX_effect_hover&quot;:{&quot;unit&quot;:&quot;px&quot;,&quot;size&quot;:&quot;&quot;,&quot;sizes&quot;:[]},&quot;_transform_translateX_effect_hover_tablet&quot;:{&quot;unit&quot;:&quot;px&quot;,&quot;size&quot;:&quot;&quot;,&quot;sizes&quot;:[]},&quot;_transform_translateX_effect_hover_mobile&quot;:{&quot;unit&quot;:&quot;px&quot;,&quot;size&quot;:&quot;&quot;,&quot;sizes&quot;:[]},&quot;_transform_translateY_effect_hover_tablet&quot;:{&quot;unit&quot;:&quot;px&quot;,&quot;size&quot;:&quot;&quot;,&quot;sizes&quot;:[]},&quot;_transform_translateY_effect_hover_mobile&quot;:{&quot;unit&quot;:&quot;px&quot;,&quot;size&quot;:&quot;&quot;,&quot;sizes&quot;:[]}}\" data-widget_type=\"button.default\">\n\t\t\t\t\t\t\t\t\t\t<a class=\"elementor-button elementor-button-link elementor-size-sm\" href=\"https:\/\/htl3report.htlwien3.schulwebspace.at\/?page_id=199\">\n\t\t\t\t\t\t<span class=\"elementor-button-content-wrapper\">\n\t\t\t\t\t\t\t\t\t<span class=\"elementor-button-text\">alle Bilder<\/span>\n\t\t\t\t\t<\/span>\n\t\t\t\t\t<\/a>\n\t\t\t\t\t\t\t\t<\/div>\n\t\t\t\t<\/div>\n\t\t\t\t\t<\/div>\n\t\t\t\t<\/div>\n\t\t\t\t<\/div>\n\t\t","protected":false},"excerpt":{"rendered":"<p>Tag der offenen T\u00fcr 07.11.2025 &amp; 08.11.2025 Am 7. und 8. November 2025 \u00f6ffnete die HTL Rennweg erneut ihre T\u00fcren und verwandelte sich f\u00fcr zwei Tage in einen Ort voller Neugier, Begegnungen und erster Zukunftstr\u00e4ume. Zahlreiche BesucherInnen folgten der Einladung \u2013 darunter viele Sch\u00fclerInnen der Unterstufen gemeinsam mit ihren Erziehungsberechtigten \u2013, um die Schule kennenzulernen&#8230;<\/p>\n","protected":false},"author":2,"featured_media":0,"parent":0,"menu_order":0,"comment_status":"closed","ping_status":"closed","template":"","meta":{"_kad_post_transparent":"","_kad_post_title":"hide","_kad_post_layout":"fullwidth","_kad_post_sidebar_id":"","_kad_post_content_style":"unboxed","_kad_post_vertical_padding":"hide","_kad_post_feature":"hide","_kad_post_feature_position":"","_kad_post_header":false,"_kad_post_footer":false,"_kad_post_classname":"","footnotes":""},"class_list":["post-434","page","type-page","status-publish","hentry"],"_links":{"self":[{"href":"https:\/\/htl3report.htlwien3.schulwebspace.at\/index.php?rest_route=\/wp\/v2\/pages\/434","targetHints":{"allow":["GET"]}}],"collection":[{"href":"https:\/\/htl3report.htlwien3.schulwebspace.at\/index.php?rest_route=\/wp\/v2\/pages"}],"about":[{"href":"https:\/\/htl3report.htlwien3.schulwebspace.at\/index.php?rest_route=\/wp\/v2\/types\/page"}],"author":[{"embeddable":true,"href":"https:\/\/htl3report.htlwien3.schulwebspace.at\/index.php?rest_route=\/wp\/v2\/users\/2"}],"replies":[{"embeddable":true,"href":"https:\/\/htl3report.htlwien3.schulwebspace.at\/index.php?rest_route=%2Fwp%2Fv2%2Fcomments&post=434"}],"version-history":[{"count":11,"href":"https:\/\/htl3report.htlwien3.schulwebspace.at\/index.php?rest_route=\/wp\/v2\/pages\/434\/revisions"}],"predecessor-version":[{"id":567,"href":"https:\/\/htl3report.htlwien3.schulwebspace.at\/index.php?rest_route=\/wp\/v2\/pages\/434\/revisions\/567"}],"wp:attachment":[{"href":"https:\/\/htl3report.htlwien3.schulwebspace.at\/index.php?rest_route=%2Fwp%2Fv2%2Fmedia&parent=434"}],"curies":[{"name":"wp","href":"https:\/\/api.w.org\/{rel}","templated":true}]}}