{"id":432,"date":"2026-01-12T22:45:06","date_gmt":"2026-01-12T21:45:06","guid":{"rendered":"https:\/\/htl3report.htlwien3.schulwebspace.at\/?page_id=432"},"modified":"2026-01-19T20:53:43","modified_gmt":"2026-01-19T19:53:43","slug":"report-sv-hearing","status":"publish","type":"page","link":"https:\/\/htl3report.htlwien3.schulwebspace.at\/?page_id=432","title":{"rendered":"Artikel-SV-Hearing"},"content":{"rendered":"\t\t<div data-elementor-type=\"wp-page\" data-elementor-id=\"432\" class=\"elementor elementor-432\">\n\t\t\t\t<div class=\"elementor-element elementor-element-a653cc7 e-flex e-con-boxed e-con e-parent\" data-id=\"a653cc7\" data-element_type=\"container\">\n\t\t\t\t\t<div class=\"e-con-inner\">\n\t\t\t\t<div class=\"elementor-element elementor-element-9f99cbc elementor-widget elementor-widget-heading\" data-id=\"9f99cbc\" data-element_type=\"widget\" data-widget_type=\"heading.default\">\n\t\t\t\t\t<h2 class=\"elementor-heading-title elementor-size-default\">SV-Hearing<\/h2>\t\t\t\t<\/div>\n\t\t<div class=\"elementor-element elementor-element-d7acdc0 e-con-full e-flex e-con e-child\" data-id=\"d7acdc0\" data-element_type=\"container\">\n\t\t<div class=\"elementor-element elementor-element-06a1b34 e-con-full e-flex e-con e-child\" data-id=\"06a1b34\" data-element_type=\"container\">\n\t\t\t\t<div class=\"elementor-element elementor-element-f42abeb elementor-widget elementor-widget-text-editor\" data-id=\"f42abeb\" data-element_type=\"widget\" data-widget_type=\"text-editor.default\">\n\t\t\t\t\t\t\t\t\t<p>Am Montag, dem 29. September 2025, stand die HTL Rennweg ganz im Zeichen der Mitbestimmung. Beim diesj\u00e4hrigen SV-Hearing pr\u00e4sentierten sich die KandidatInnen f\u00fcr die Sch\u00fclervertretung und die AbteilungssprecherInnen und gaben Einblicke in ihre Ideen, Ziele und Visionen f\u00fcr das kommende Schuljahr.\u00a0<\/p>\t\t\t\t\t\t\t\t<\/div>\n\t\t\t\t<\/div>\n\t\t<div class=\"elementor-element elementor-element-da409f1 e-con-full e-flex e-con e-child\" data-id=\"da409f1\" data-element_type=\"container\">\n\t\t\t\t<div class=\"elementor-element elementor-element-b22913f elementor-widget elementor-widget-image\" data-id=\"b22913f\" data-element_type=\"widget\" data-widget_type=\"image.default\">\n\t\t\t\t\t\t\t\t\t\t\t\t\t\t\t<img decoding=\"async\" src=\"https:\/\/htl3report.htlwien3.schulwebspace.at\/wp-content\/uploads\/elementor\/thumbs\/2C1A0019-scaled-rhkbsjq2m2ctjifz97a5o3lffjf1ht1lf6ek77ob34.jpg\" title=\"Kandidat\" alt=\"Kandidat\" loading=\"lazy\" \/>\t\t\t\t\t\t\t\t\t\t\t\t\t\t\t<\/div>\n\t\t\t\t<\/div>\n\t\t\t\t<\/div>\n\t\t\t\t\t<\/div>\n\t\t\t\t<\/div>\n\t\t<div class=\"elementor-element elementor-element-90297f4 e-flex e-con-boxed e-con e-parent\" data-id=\"90297f4\" data-element_type=\"container\">\n\t\t\t\t\t<div class=\"e-con-inner\">\n\t\t\t\t<div class=\"elementor-element elementor-element-effb7ac elementor-widget elementor-widget-text-editor\" data-id=\"effb7ac\" data-element_type=\"widget\" data-widget_type=\"text-editor.default\">\n\t\t\t\t\t\t\t\t\t<p><span data-teams=\"true\">In konzentrierter, aber zugleich offener Atmosph\u00e4re stellten sich die KandidatInnen vor und sprachen dar\u00fcber, was ihnen im Schulalltag besonders wichtig ist. Themen wie Gemeinschaft, Zusammenhalt und Mitsprache zogen sich wie ein roter Faden durch die Vorstellungen. Dabei ging es nicht nur um konkrete Vorhaben, sondern auch um Werte und Motivation \u2013 um den Wunsch, das Schulleben aktiv mitzugestalten.<\/span><\/p>\t\t\t\t\t\t\t\t<\/div>\n\t\t\t\t\t<\/div>\n\t\t\t\t<\/div>\n\t\t<div class=\"elementor-element elementor-element-f3279ac e-flex e-con-boxed e-con e-parent\" data-id=\"f3279ac\" data-element_type=\"container\">\n\t\t\t\t\t<div class=\"e-con-inner\">\n\t\t<div class=\"elementor-element elementor-element-b48d7b1 e-con-full e-flex e-con e-child\" data-id=\"b48d7b1\" data-element_type=\"container\">\n\t\t\t\t<div class=\"elementor-element elementor-element-db354f9 elementor-widget elementor-widget-image\" data-id=\"db354f9\" data-element_type=\"widget\" data-widget_type=\"image.default\">\n\t\t\t\t\t\t\t\t\t\t\t\t\t\t\t<img decoding=\"async\" src=\"https:\/\/htl3report.htlwien3.schulwebspace.at\/wp-content\/uploads\/elementor\/thumbs\/2C1A0015-scaled-rhkbpyo1tgsp0jnkporw80hs4e68o47mouob1z0tfw.jpg\" title=\"Kandidat\" alt=\"Kandidat\" loading=\"lazy\" \/>\t\t\t\t\t\t\t\t\t\t\t\t\t\t\t<\/div>\n\t\t\t\t<\/div>\n\t\t<div class=\"elementor-element elementor-element-d96fdca e-con-full e-flex e-con e-child\" data-id=\"d96fdca\" data-element_type=\"container\">\n\t\t\t\t<div class=\"elementor-element elementor-element-f6d9e5b elementor-widget elementor-widget-text-editor\" data-id=\"f6d9e5b\" data-element_type=\"widget\" data-widget_type=\"text-editor.default\">\n\t\t\t\t\t\t\t\t\t<p><span data-teams=\"true\">Das Hearing bot Raum f\u00fcr unterschiedliche Perspektiven und zeigte, wie vielf\u00e4ltig das Engagement innerhalb der Schulgemeinschaft ist. Zuh\u00f6rerInnen konnten sich ein pers\u00f6nliches Bild machen, Fragen mitnehmen und erste Eindr\u00fccke sammeln, die \u00fcber reine Programmpunkte hinausgingen.<\/span><\/p>\t\t\t\t\t\t\t\t<\/div>\n\t\t\t\t<\/div>\n\t\t\t\t\t<\/div>\n\t\t\t\t<\/div>\n\t\t<div class=\"elementor-element elementor-element-05a9d1f e-flex e-con-boxed e-con e-parent\" data-id=\"05a9d1f\" data-element_type=\"container\">\n\t\t\t\t\t<div class=\"e-con-inner\">\n\t\t\t\t<div class=\"elementor-element elementor-element-c7b171f elementor-widget elementor-widget-text-editor\" data-id=\"c7b171f\" data-element_type=\"widget\" data-widget_type=\"text-editor.default\">\n\t\t\t\t\t\t\t\t\t<p><span data-teams=\"true\">Daraufhin wurden am 3. Oktober 2025 die VertreterInnen gew\u00e4hlt. Mit der Ausz\u00e4hlung der Stimmen stand schlie\u00dflich das Ergebnis fest:<br \/>Die Sch\u00fclervertretung f\u00fcr dieses Schuljahr besteht aus Marianna, Max, Yannick, Bartosz, Mehdi und Ines.<br \/>Als Abteilungssprecher wurden Jacob und Ilyas f\u00fcr Informatik, Elias und Leon f\u00fcr Mechatronik sowie Bartosz und Mehdi f\u00fcr die Fachschule gew\u00e4hlt.<br \/><\/span><\/p>\t\t\t\t\t\t\t\t<\/div>\n\t\t\t\t<div class=\"elementor-element elementor-element-5c8c3c4 elementor-widget elementor-widget-image\" data-id=\"5c8c3c4\" data-element_type=\"widget\" data-widget_type=\"image.default\">\n\t\t\t\t\t\t\t\t\t\t\t\t\t\t\t<img decoding=\"async\" src=\"https:\/\/htl3report.htlwien3.schulwebspace.at\/wp-content\/uploads\/elementor\/thumbs\/2C1A0023-scaled-e1768256688429-rhkf1vx0uombxghdtalkwgr7gw6v8ra8d0uzss9h6o.jpg\" title=\"Gang\" alt=\"Gang\" loading=\"lazy\" \/>\t\t\t\t\t\t\t\t\t\t\t\t\t\t\t<\/div>\n\t\t\t\t<div class=\"elementor-element elementor-element-6bf3a30 elementor-widget elementor-widget-text-editor\" data-id=\"6bf3a30\" data-element_type=\"widget\" data-widget_type=\"text-editor.default\">\n\t\t\t\t\t\t\t\t\t<p><span data-teams=\"true\">Mit diesem engagierten Team beginnt ein neues Kapitel der Sch\u00fclerInnenmitbestimmung an der HTL Rennweg. Die Wahl zeigt, wie wichtig Beteiligung und Verantwortung im Schulalltag sind \u2013 und l\u00e4sst auf ein gemeinsames, aktives und erfolgreiches SV-Jahr hoffen.<\/span><\/p>\t\t\t\t\t\t\t\t<\/div>\n\t\t\t\t<div class=\"elementor-element elementor-element-54c0a02 elementor-widget elementor-widget-spacer\" data-id=\"54c0a02\" data-element_type=\"widget\" data-widget_type=\"spacer.default\">\n\t\t\t\t\t\t\t<div class=\"elementor-spacer\">\n\t\t\t<div class=\"elementor-spacer-inner\"><\/div>\n\t\t<\/div>\n\t\t\t\t\t\t<\/div>\n\t\t\t\t\t<\/div>\n\t\t\t\t<\/div>\n\t\t<div class=\"elementor-element elementor-element-7d0a230 e-flex e-con-boxed e-con e-parent\" data-id=\"7d0a230\" data-element_type=\"container\">\n\t\t\t\t\t<div class=\"e-con-inner\">\n\t\t<div class=\"elementor-element elementor-element-8ca0abc e-con-full e-flex e-con e-child\" data-id=\"8ca0abc\" data-element_type=\"container\">\n\t\t\t\t<div class=\"elementor-element elementor-element-8e164be elementor-align-center elementor-mobile-align-center elementor-widget__width-initial e-transform elementor-widget elementor-widget-button\" data-id=\"8e164be\" data-element_type=\"widget\" data-settings=\"{&quot;_transform_translateY_effect_hover&quot;:{&quot;unit&quot;:&quot;px&quot;,&quot;size&quot;:-8,&quot;sizes&quot;:[]},&quot;_transform_translateX_effect_hover&quot;:{&quot;unit&quot;:&quot;px&quot;,&quot;size&quot;:&quot;&quot;,&quot;sizes&quot;:[]},&quot;_transform_translateX_effect_hover_tablet&quot;:{&quot;unit&quot;:&quot;px&quot;,&quot;size&quot;:&quot;&quot;,&quot;sizes&quot;:[]},&quot;_transform_translateX_effect_hover_mobile&quot;:{&quot;unit&quot;:&quot;px&quot;,&quot;size&quot;:&quot;&quot;,&quot;sizes&quot;:[]},&quot;_transform_translateY_effect_hover_tablet&quot;:{&quot;unit&quot;:&quot;px&quot;,&quot;size&quot;:&quot;&quot;,&quot;sizes&quot;:[]},&quot;_transform_translateY_effect_hover_mobile&quot;:{&quot;unit&quot;:&quot;px&quot;,&quot;size&quot;:&quot;&quot;,&quot;sizes&quot;:[]}}\" data-widget_type=\"button.default\">\n\t\t\t\t\t\t\t\t\t\t<a class=\"elementor-button elementor-button-link elementor-size-sm\" href=\"https:\/\/htl3report.htlwien3.schulwebspace.at\/?page_id=309\">\n\t\t\t\t\t\t<span class=\"elementor-button-content-wrapper\">\n\t\t\t\t\t\t\t\t\t<span class=\"elementor-button-text\">Zur\u00fcck zur \u00dcbersicht<\/span>\n\t\t\t\t\t<\/span>\n\t\t\t\t\t<\/a>\n\t\t\t\t\t\t\t\t<\/div>\n\t\t\t\t<\/div>\n\t\t<div class=\"elementor-element elementor-element-5db3dd6 e-con-full e-flex e-con e-child\" data-id=\"5db3dd6\" data-element_type=\"container\">\n\t\t\t\t<div class=\"elementor-element elementor-element-9668f12 elementor-align-center elementor-mobile-align-center elementor-widget__width-initial e-transform elementor-widget elementor-widget-button\" data-id=\"9668f12\" data-element_type=\"widget\" data-settings=\"{&quot;_transform_translateY_effect_hover&quot;:{&quot;unit&quot;:&quot;px&quot;,&quot;size&quot;:-8,&quot;sizes&quot;:[]},&quot;_transform_translateX_effect_hover&quot;:{&quot;unit&quot;:&quot;px&quot;,&quot;size&quot;:&quot;&quot;,&quot;sizes&quot;:[]},&quot;_transform_translateX_effect_hover_tablet&quot;:{&quot;unit&quot;:&quot;px&quot;,&quot;size&quot;:&quot;&quot;,&quot;sizes&quot;:[]},&quot;_transform_translateX_effect_hover_mobile&quot;:{&quot;unit&quot;:&quot;px&quot;,&quot;size&quot;:&quot;&quot;,&quot;sizes&quot;:[]},&quot;_transform_translateY_effect_hover_tablet&quot;:{&quot;unit&quot;:&quot;px&quot;,&quot;size&quot;:&quot;&quot;,&quot;sizes&quot;:[]},&quot;_transform_translateY_effect_hover_mobile&quot;:{&quot;unit&quot;:&quot;px&quot;,&quot;size&quot;:&quot;&quot;,&quot;sizes&quot;:[]}}\" data-widget_type=\"button.default\">\n\t\t\t\t\t\t\t\t\t\t<a class=\"elementor-button elementor-button-link elementor-size-sm\" href=\"https:\/\/htl3report.htlwien3.schulwebspace.at\/?page_id=412\">\n\t\t\t\t\t\t<span class=\"elementor-button-content-wrapper\">\n\t\t\t\t\t\t\t\t\t<span class=\"elementor-button-text\">alle Bilder<\/span>\n\t\t\t\t\t<\/span>\n\t\t\t\t\t<\/a>\n\t\t\t\t\t\t\t\t<\/div>\n\t\t\t\t<\/div>\n\t\t\t\t\t<\/div>\n\t\t\t\t<\/div>\n\t\t\t\t<\/div>\n\t\t","protected":false},"excerpt":{"rendered":"<p>SV-Hearing Am Montag, dem 29. September 2025, stand die HTL Rennweg ganz im Zeichen der Mitbestimmung. Beim diesj\u00e4hrigen SV-Hearing pr\u00e4sentierten sich die KandidatInnen f\u00fcr die Sch\u00fclervertretung und die AbteilungssprecherInnen und gaben Einblicke in ihre Ideen, Ziele und Visionen f\u00fcr das kommende Schuljahr.\u00a0 In konzentrierter, aber zugleich offener Atmosph\u00e4re stellten sich die KandidatInnen vor und sprachen&#8230;<\/p>\n","protected":false},"author":2,"featured_media":0,"parent":0,"menu_order":0,"comment_status":"closed","ping_status":"closed","template":"","meta":{"_kad_post_transparent":"","_kad_post_title":"hide","_kad_post_layout":"fullwidth","_kad_post_sidebar_id":"","_kad_post_content_style":"unboxed","_kad_post_vertical_padding":"hide","_kad_post_feature":"hide","_kad_post_feature_position":"","_kad_post_header":false,"_kad_post_footer":false,"_kad_post_classname":"","footnotes":""},"class_list":["post-432","page","type-page","status-publish","hentry"],"_links":{"self":[{"href":"https:\/\/htl3report.htlwien3.schulwebspace.at\/index.php?rest_route=\/wp\/v2\/pages\/432","targetHints":{"allow":["GET"]}}],"collection":[{"href":"https:\/\/htl3report.htlwien3.schulwebspace.at\/index.php?rest_route=\/wp\/v2\/pages"}],"about":[{"href":"https:\/\/htl3report.htlwien3.schulwebspace.at\/index.php?rest_route=\/wp\/v2\/types\/page"}],"author":[{"embeddable":true,"href":"https:\/\/htl3report.htlwien3.schulwebspace.at\/index.php?rest_route=\/wp\/v2\/users\/2"}],"replies":[{"embeddable":true,"href":"https:\/\/htl3report.htlwien3.schulwebspace.at\/index.php?rest_route=%2Fwp%2Fv2%2Fcomments&post=432"}],"version-history":[{"count":11,"href":"https:\/\/htl3report.htlwien3.schulwebspace.at\/index.php?rest_route=\/wp\/v2\/pages\/432\/revisions"}],"predecessor-version":[{"id":569,"href":"https:\/\/htl3report.htlwien3.schulwebspace.at\/index.php?rest_route=\/wp\/v2\/pages\/432\/revisions\/569"}],"wp:attachment":[{"href":"https:\/\/htl3report.htlwien3.schulwebspace.at\/index.php?rest_route=%2Fwp%2Fv2%2Fmedia&parent=432"}],"curies":[{"name":"wp","href":"https:\/\/api.w.org\/{rel}","templated":true}]}}