{"id":336,"date":"2026-01-12T12:54:47","date_gmt":"2026-01-12T11:54:47","guid":{"rendered":"https:\/\/htl3report.htlwien3.schulwebspace.at\/?page_id=336"},"modified":"2026-01-19T20:53:28","modified_gmt":"2026-01-19T19:53:28","slug":"report_absolventinnentag","status":"publish","type":"page","link":"https:\/\/htl3report.htlwien3.schulwebspace.at\/?page_id=336","title":{"rendered":"Artikel-Absolvent:innentag"},"content":{"rendered":"\t\t<div data-elementor-type=\"wp-page\" data-elementor-id=\"336\" class=\"elementor elementor-336\">\n\t\t\t\t<div class=\"elementor-element elementor-element-cd4f4e0 e-flex e-con-boxed e-con e-parent\" data-id=\"cd4f4e0\" data-element_type=\"container\">\n\t\t\t\t\t<div class=\"e-con-inner\">\n\t\t\t\t<div class=\"elementor-element elementor-element-c200fa8 elementor-widget elementor-widget-heading\" data-id=\"c200fa8\" data-element_type=\"widget\" data-widget_type=\"heading.default\">\n\t\t\t\t\t<h2 class=\"elementor-heading-title elementor-size-default\">25 Jahre<br>Erinnerungen<\/h2>\t\t\t\t<\/div>\n\t\t\t\t<div class=\"elementor-element elementor-element-a40d73d elementor-widget elementor-widget-heading\" data-id=\"a40d73d\" data-element_type=\"widget\" data-widget_type=\"heading.default\">\n\t\t\t\t\t<h2 class=\"elementor-heading-title elementor-size-default\">Absolvent:innentag trifft Jubil\u00e4um<\/h2>\t\t\t\t<\/div>\n\t\t\t\t\t<\/div>\n\t\t\t\t<\/div>\n\t\t<div class=\"elementor-element elementor-element-e3b59b3 e-flex e-con-boxed e-con e-parent\" data-id=\"e3b59b3\" data-element_type=\"container\">\n\t\t\t\t\t<div class=\"e-con-inner\">\n\t\t<div class=\"elementor-element elementor-element-26e5f1a e-con-full e-flex e-con e-child\" data-id=\"26e5f1a\" data-element_type=\"container\">\n\t\t\t\t<div class=\"elementor-element elementor-element-4d8e842 elementor-widget elementor-widget-text-editor\" data-id=\"4d8e842\" data-element_type=\"widget\" data-widget_type=\"text-editor.default\">\n\t\t\t\t\t\t\t\t\t<p>Am 8.10.2025 verwandelte sich das Schulgel\u00e4nde in einen Treffpunkt voller Emotionen. Anlass war doppelt: Der traditionelle Absolventinnentag fand statt und gleichzeitig feierte unsere Schule ihr 25-j\u00e4hriges Bestehen. Ehemalige Sch\u00fclerInnen und LehrerInnen waren dabei, als Erinnerungen und Zukunftspl\u00e4ne aufeinandertrafen.<\/p>\t\t\t\t\t\t\t\t<\/div>\n\t\t\t\t<\/div>\n\t\t<div class=\"elementor-element elementor-element-e411184 e-con-full e-flex e-con e-child\" data-id=\"e411184\" data-element_type=\"container\">\n\t\t\t\t<div class=\"elementor-element elementor-element-faf9386 elementor-widget elementor-widget-image\" data-id=\"faf9386\" data-element_type=\"widget\" data-widget_type=\"image.default\">\n\t\t\t\t\t\t\t\t\t\t\t\t\t\t\t<img decoding=\"async\" src=\"https:\/\/htl3report.htlwien3.schulwebspace.at\/wp-content\/uploads\/elementor\/thumbs\/JY8A9964-scaled-rhjoakz7pwakhn973j1tlkqsnd2lwimd41en61zv34.jpg\" title=\"JY8A9964\" alt=\"Besucher:innen in der Aula\" loading=\"lazy\" \/>\t\t\t\t\t\t\t\t\t\t\t\t\t\t\t<\/div>\n\t\t\t\t<\/div>\n\t\t\t\t\t<\/div>\n\t\t\t\t<\/div>\n\t\t<div class=\"elementor-element elementor-element-8f891a1 e-flex e-con-boxed e-con e-parent\" data-id=\"8f891a1\" data-element_type=\"container\">\n\t\t\t\t\t<div class=\"e-con-inner\">\n\t\t\t\t<div class=\"elementor-element elementor-element-a7d59f3 elementor-widget elementor-widget-text-editor\" data-id=\"a7d59f3\" data-element_type=\"widget\" data-widget_type=\"text-editor.default\">\n\t\t\t\t\t\t\t\t\t<p>Alle G\u00e4ste wurden herzlich mit einem festlichen Empfang in der Aula begr\u00fc\u00dft. Bei guter Stimmung f\u00fcllte es sich schnell mit Stimmen, Lachen und vielen \u201eWei\u00dft du noch?\u201c-Momenten. Eine Fotobox sorgte f\u00fcr Spa\u00df und unz\u00e4hlige Schnappsch\u00fcsse \u2013 von KlassenfreundInnen, die sich nach Jahren wiedersahen, bis zu LehrerInnen, die spontan mit ins Bild sprangen. <br \/>Danach er\u00f6ffnete Direktor Herr J\u00fcngling die Feier mit einer warmen Rede \u00fcber 25 Jahre Schulgeschichte und den besonderen Zusammenhalt, der die Schule bis heute pr\u00e4gt.<\/p>\t\t\t\t\t\t\t\t<\/div>\n\t\t\t\t\t<\/div>\n\t\t\t\t<\/div>\n\t\t<div class=\"elementor-element elementor-element-5fca11f e-flex e-con-boxed e-con e-parent\" data-id=\"5fca11f\" data-element_type=\"container\">\n\t\t\t\t\t<div class=\"e-con-inner\">\n\t\t\t\t<div class=\"elementor-element elementor-element-e33da8c elementor-widget elementor-widget-image\" data-id=\"e33da8c\" data-element_type=\"widget\" data-widget_type=\"image.default\">\n\t\t\t\t\t\t\t\t\t\t\t\t\t\t\t<img decoding=\"async\" src=\"https:\/\/htl3report.htlwien3.schulwebspace.at\/wp-content\/uploads\/elementor\/thumbs\/JY8A9965-scaled-e1768223909299-rhjra0xc0b0endo2fudn2xsvjombm6kqcwm1vr98ow.jpg\" title=\"JY8A9965\" alt=\"Direktor h\u00e4lt eine Rede\" loading=\"lazy\" \/>\t\t\t\t\t\t\t\t\t\t\t\t\t\t\t<\/div>\n\t\t\t\t<div class=\"elementor-element elementor-element-9180209 elementor-widget elementor-widget-text-editor\" data-id=\"9180209\" data-element_type=\"widget\" data-widget_type=\"text-editor.default\">\n\t\t\t\t\t\t\t\t\t<p>Der AbsolventInnentag war f\u00fcr viele mehr als nur ein Wiedersehen: Es war eine Reise zur\u00fcck in eine Zeit, die f\u00fcr alle auf ihre Weise besonders war. Ehemalige aus ganz unterschiedlichen Jahrg\u00e4ngen kamen zusammen, um alte Freundschaften aufleben zu lassen, LehrerInnen wiederzutreffen und zu sehen, wie sich die Schule ver\u00e4ndert hat und gleichzeitig doch gleich geblieben ist. Jede Erinnerung erz\u00e4hlte ein St\u00fcck Geschichte und zeigte, wie sehr die Schulzeit bis heute nachwirkt \u2013 die Schule war f\u00fcr viele mehr als nur ein Lernort: ein Zuhause auf Zeit.<\/p>\t\t\t\t\t\t\t\t<\/div>\n\t\t\t\t\t<\/div>\n\t\t\t\t<\/div>\n\t\t<div class=\"elementor-element elementor-element-f748d27 e-flex e-con-boxed e-con e-parent\" data-id=\"f748d27\" data-element_type=\"container\">\n\t\t\t\t\t<div class=\"e-con-inner\">\n\t\t<div class=\"elementor-element elementor-element-92e95fe e-con-full e-flex e-con e-child\" data-id=\"92e95fe\" data-element_type=\"container\">\n\t\t\t\t<div class=\"elementor-element elementor-element-7121c17 elementor-widget elementor-widget-image\" data-id=\"7121c17\" data-element_type=\"widget\" data-widget_type=\"image.default\">\n\t\t\t\t\t\t\t\t\t\t\t\t\t\t\t<img decoding=\"async\" src=\"https:\/\/htl3report.htlwien3.schulwebspace.at\/wp-content\/uploads\/elementor\/thumbs\/JY8A9983-scaled-e1768224254776-rhjrj17effi8y1z8y72r7g6i6j2226p204m2ax2088.jpg\" title=\"JY8A9983\" alt=\"Direktor applaudiert\" loading=\"lazy\" \/>\t\t\t\t\t\t\t\t\t\t\t\t\t\t\t<\/div>\n\t\t\t\t<\/div>\n\t\t<div class=\"elementor-element elementor-element-ce8e955 e-con-full e-flex e-con e-child\" data-id=\"ce8e955\" data-element_type=\"container\">\n\t\t\t\t<div class=\"elementor-element elementor-element-a0c7322 elementor-widget elementor-widget-text-editor\" data-id=\"a0c7322\" data-element_type=\"widget\" data-widget_type=\"text-editor.default\">\n\t\t\t\t\t\t\t\t\t<p>Der Abend endete, wie er begonnen hatte, mit vielen L\u00e4cheln, herzlichen Gespr\u00e4chen und dem wunderbaren Gef\u00fchl, Teil von etwas Gr\u00f6\u00dferem zu sein. Die Schule blieb noch lange voller Stimmen, Musik und Erinnerungen. Viele versprachen, beim n\u00e4chsten Absolventnnentag dabei zu sein.<\/p>\t\t\t\t\t\t\t\t<\/div>\n\t\t\t\t<\/div>\n\t\t\t\t\t<\/div>\n\t\t\t\t<\/div>\n\t\t<div class=\"elementor-element elementor-element-f9b32a3 e-flex e-con-boxed e-con e-parent\" data-id=\"f9b32a3\" data-element_type=\"container\">\n\t\t\t\t\t<div class=\"e-con-inner\">\n\t\t\t\t<div class=\"elementor-element elementor-element-49df7f1 elementor-widget elementor-widget-text-editor\" data-id=\"49df7f1\" data-element_type=\"widget\" data-widget_type=\"text-editor.default\">\n\t\t\t\t\t\t\t\t\t<p>Und genau das macht dieses Jubil\u00e4um so besonders: Es zeigt, dass unsere Schule nicht nur ein Ort des Lernens ist, sondern ein St\u00fcck Heimat, das Generationen verbindet \u2013 damals, heute und morgen. Auf viele weitere erfolgreiche, gemeinsame Jahre und auf die n\u00e4chsten sch\u00f6nen 25 Jahre an der HTL Rennweg!<\/p>\t\t\t\t\t\t\t\t<\/div>\n\t\t\t\t<div class=\"elementor-element elementor-element-d840f6c elementor-widget elementor-widget-spacer\" data-id=\"d840f6c\" data-element_type=\"widget\" data-widget_type=\"spacer.default\">\n\t\t\t\t\t\t\t<div class=\"elementor-spacer\">\n\t\t\t<div class=\"elementor-spacer-inner\"><\/div>\n\t\t<\/div>\n\t\t\t\t\t\t<\/div>\n\t\t\t\t\t<\/div>\n\t\t\t\t<\/div>\n\t\t<div class=\"elementor-element elementor-element-8aed99a e-flex e-con-boxed e-con e-parent\" data-id=\"8aed99a\" data-element_type=\"container\">\n\t\t\t\t\t<div class=\"e-con-inner\">\n\t\t<div class=\"elementor-element elementor-element-218bf9d e-con-full e-flex e-con e-child\" data-id=\"218bf9d\" data-element_type=\"container\">\n\t\t\t\t<div class=\"elementor-element elementor-element-6545aeb elementor-align-center elementor-mobile-align-center elementor-widget__width-initial e-transform elementor-widget elementor-widget-button\" data-id=\"6545aeb\" data-element_type=\"widget\" data-settings=\"{&quot;_transform_translateY_effect_hover&quot;:{&quot;unit&quot;:&quot;px&quot;,&quot;size&quot;:-8,&quot;sizes&quot;:[]},&quot;_transform_translateX_effect_hover&quot;:{&quot;unit&quot;:&quot;px&quot;,&quot;size&quot;:&quot;&quot;,&quot;sizes&quot;:[]},&quot;_transform_translateX_effect_hover_tablet&quot;:{&quot;unit&quot;:&quot;px&quot;,&quot;size&quot;:&quot;&quot;,&quot;sizes&quot;:[]},&quot;_transform_translateX_effect_hover_mobile&quot;:{&quot;unit&quot;:&quot;px&quot;,&quot;size&quot;:&quot;&quot;,&quot;sizes&quot;:[]},&quot;_transform_translateY_effect_hover_tablet&quot;:{&quot;unit&quot;:&quot;px&quot;,&quot;size&quot;:&quot;&quot;,&quot;sizes&quot;:[]},&quot;_transform_translateY_effect_hover_mobile&quot;:{&quot;unit&quot;:&quot;px&quot;,&quot;size&quot;:&quot;&quot;,&quot;sizes&quot;:[]}}\" data-widget_type=\"button.default\">\n\t\t\t\t\t\t\t\t\t\t<a class=\"elementor-button elementor-button-link elementor-size-sm\" href=\"https:\/\/htl3report.htlwien3.schulwebspace.at\/?page_id=309\">\n\t\t\t\t\t\t<span class=\"elementor-button-content-wrapper\">\n\t\t\t\t\t\t\t\t\t<span class=\"elementor-button-text\">Zur\u00fcck zur \u00dcbersicht<\/span>\n\t\t\t\t\t<\/span>\n\t\t\t\t\t<\/a>\n\t\t\t\t\t\t\t\t<\/div>\n\t\t\t\t<\/div>\n\t\t<div class=\"elementor-element elementor-element-a187c01 e-con-full e-flex e-con e-child\" data-id=\"a187c01\" data-element_type=\"container\">\n\t\t\t\t<div class=\"elementor-element elementor-element-d7d9b7e elementor-align-center elementor-mobile-align-center elementor-widget__width-initial e-transform elementor-widget elementor-widget-button\" data-id=\"d7d9b7e\" data-element_type=\"widget\" data-settings=\"{&quot;_transform_translateY_effect_hover&quot;:{&quot;unit&quot;:&quot;px&quot;,&quot;size&quot;:-8,&quot;sizes&quot;:[]},&quot;_transform_translateX_effect_hover&quot;:{&quot;unit&quot;:&quot;px&quot;,&quot;size&quot;:&quot;&quot;,&quot;sizes&quot;:[]},&quot;_transform_translateX_effect_hover_tablet&quot;:{&quot;unit&quot;:&quot;px&quot;,&quot;size&quot;:&quot;&quot;,&quot;sizes&quot;:[]},&quot;_transform_translateX_effect_hover_mobile&quot;:{&quot;unit&quot;:&quot;px&quot;,&quot;size&quot;:&quot;&quot;,&quot;sizes&quot;:[]},&quot;_transform_translateY_effect_hover_tablet&quot;:{&quot;unit&quot;:&quot;px&quot;,&quot;size&quot;:&quot;&quot;,&quot;sizes&quot;:[]},&quot;_transform_translateY_effect_hover_mobile&quot;:{&quot;unit&quot;:&quot;px&quot;,&quot;size&quot;:&quot;&quot;,&quot;sizes&quot;:[]}}\" data-widget_type=\"button.default\">\n\t\t\t\t\t\t\t\t\t\t<a class=\"elementor-button elementor-button-link elementor-size-sm\" href=\"https:\/\/htl3report.htlwien3.schulwebspace.at\/?page_id=257\">\n\t\t\t\t\t\t<span class=\"elementor-button-content-wrapper\">\n\t\t\t\t\t\t\t\t\t<span class=\"elementor-button-text\">alle Bilder<\/span>\n\t\t\t\t\t<\/span>\n\t\t\t\t\t<\/a>\n\t\t\t\t\t\t\t\t<\/div>\n\t\t\t\t<\/div>\n\t\t\t\t\t<\/div>\n\t\t\t\t<\/div>\n\t\t\t\t<\/div>\n\t\t","protected":false},"excerpt":{"rendered":"<p>25 JahreErinnerungen Absolvent:innentag trifft Jubil\u00e4um Am 8.10.2025 verwandelte sich das Schulgel\u00e4nde in einen Treffpunkt voller Emotionen. Anlass war doppelt: Der traditionelle Absolventinnentag fand statt und gleichzeitig feierte unsere Schule ihr 25-j\u00e4hriges Bestehen. Ehemalige Sch\u00fclerInnen und LehrerInnen waren dabei, als Erinnerungen und Zukunftspl\u00e4ne aufeinandertrafen. Alle G\u00e4ste wurden herzlich mit einem festlichen Empfang in der Aula begr\u00fc\u00dft&#8230;.<\/p>\n","protected":false},"author":2,"featured_media":0,"parent":0,"menu_order":0,"comment_status":"closed","ping_status":"closed","template":"","meta":{"_kad_post_transparent":"","_kad_post_title":"hide","_kad_post_layout":"fullwidth","_kad_post_sidebar_id":"","_kad_post_content_style":"unboxed","_kad_post_vertical_padding":"hide","_kad_post_feature":"hide","_kad_post_feature_position":"","_kad_post_header":false,"_kad_post_footer":false,"_kad_post_classname":"","footnotes":""},"class_list":["post-336","page","type-page","status-publish","hentry"],"_links":{"self":[{"href":"https:\/\/htl3report.htlwien3.schulwebspace.at\/index.php?rest_route=\/wp\/v2\/pages\/336","targetHints":{"allow":["GET"]}}],"collection":[{"href":"https:\/\/htl3report.htlwien3.schulwebspace.at\/index.php?rest_route=\/wp\/v2\/pages"}],"about":[{"href":"https:\/\/htl3report.htlwien3.schulwebspace.at\/index.php?rest_route=\/wp\/v2\/types\/page"}],"author":[{"embeddable":true,"href":"https:\/\/htl3report.htlwien3.schulwebspace.at\/index.php?rest_route=\/wp\/v2\/users\/2"}],"replies":[{"embeddable":true,"href":"https:\/\/htl3report.htlwien3.schulwebspace.at\/index.php?rest_route=%2Fwp%2Fv2%2Fcomments&post=336"}],"version-history":[{"count":46,"href":"https:\/\/htl3report.htlwien3.schulwebspace.at\/index.php?rest_route=\/wp\/v2\/pages\/336\/revisions"}],"predecessor-version":[{"id":568,"href":"https:\/\/htl3report.htlwien3.schulwebspace.at\/index.php?rest_route=\/wp\/v2\/pages\/336\/revisions\/568"}],"wp:attachment":[{"href":"https:\/\/htl3report.htlwien3.schulwebspace.at\/index.php?rest_route=%2Fwp%2Fv2%2Fmedia&parent=336"}],"curies":[{"name":"wp","href":"https:\/\/api.w.org\/{rel}","templated":true}]}}