{"id":118,"date":"2025-12-23T12:23:25","date_gmt":"2025-12-23T11:23:25","guid":{"rendered":"https:\/\/htl3report.htlwien3.schulwebspace.at\/?page_id=118"},"modified":"2026-01-02T16:41:01","modified_gmt":"2026-01-02T15:41:01","slug":"startseite","status":"publish","type":"page","link":"https:\/\/htl3report.htlwien3.schulwebspace.at\/","title":{"rendered":"Startseite"},"content":{"rendered":"\t\t<div data-elementor-type=\"wp-page\" data-elementor-id=\"118\" class=\"elementor elementor-118\">\n\t\t\t\t<div class=\"elementor-element elementor-element-aa8b520 e-flex e-con-boxed e-con e-parent\" data-id=\"aa8b520\" data-element_type=\"container\">\n\t\t\t\t\t<div class=\"e-con-inner\">\n\t\t\t\t<div class=\"elementor-element elementor-element-33b9a47 elementor-widget elementor-widget-heading\" data-id=\"33b9a47\" data-element_type=\"widget\" data-widget_type=\"heading.default\">\n\t\t\t\t\t<h2 class=\"elementor-heading-title elementor-size-default\">Willkommen bei HTL 3 Report!<\/h2>\t\t\t\t<\/div>\n\t\t\t\t\t<\/div>\n\t\t\t\t<\/div>\n\t\t<div class=\"elementor-element elementor-element-0c1fb54 e-flex e-con-boxed e-con e-parent\" data-id=\"0c1fb54\" data-element_type=\"container\">\n\t\t\t\t\t<div class=\"e-con-inner\">\n\t\t\t\t<div class=\"elementor-element elementor-element-e58317a elementor-widget elementor-widget-text-editor\" data-id=\"e58317a\" data-element_type=\"widget\" data-widget_type=\"text-editor.default\">\n\t\t\t\t\t\t\t\t\t<p>Unsere neuen Schulplattform von Sch\u00fclerInnen f\u00fcr Sch\u00fclerInnen!\u2028<\/p>\n<p>Hier findest du aktuelle News, spannende Berichte und lustige Einblicke in den Alltag unserer Schule.<br>Ob TOFT-Berichte, zuk\u00fcnftige Events, SV-Informationen oder einfach ein paar Schnappsch\u00fcsse aus dem Schulleben. <br>Wir halten DICH immer auf dem Laufenden.<\/p>\t\t\t\t\t\t\t\t<\/div>\n\t\t\t\t\t<\/div>\n\t\t\t\t<\/div>\n\t\t<div class=\"elementor-element elementor-element-adb33f9 e-flex e-con-boxed e-con e-parent\" data-id=\"adb33f9\" data-element_type=\"container\">\n\t\t\t\t\t<div class=\"e-con-inner\">\n\t\t\t\t<div class=\"elementor-element elementor-element-4ad6e99 elementor-widget elementor-widget-text-editor\" data-id=\"4ad6e99\" data-element_type=\"widget\" data-widget_type=\"text-editor.default\">\n\t\t\t\t\t\t\t\t\t<p><strong>Deine News.<\/strong><\/p>\t\t\t\t\t\t\t\t<\/div>\n\t\t\t\t\t<\/div>\n\t\t\t\t<\/div>\n\t\t<div class=\"elementor-element elementor-element-1cd167f e-flex e-con-boxed e-con e-parent\" data-id=\"1cd167f\" data-element_type=\"container\">\n\t\t\t\t\t<div class=\"e-con-inner\">\n\t\t\t\t<div class=\"elementor-element elementor-element-fd71675 elementor-widget elementor-widget-text-editor\" data-id=\"fd71675\" data-element_type=\"widget\" data-widget_type=\"text-editor.default\">\n\t\t\t\t\t\t\t\t\t<p><strong>Dein Schulleben.<\/strong><\/p>\t\t\t\t\t\t\t\t<\/div>\n\t\t\t\t\t<\/div>\n\t\t\t\t<\/div>\n\t\t<div class=\"elementor-element elementor-element-1504abc e-flex e-con-boxed e-con e-parent\" data-id=\"1504abc\" data-element_type=\"container\">\n\t\t\t\t\t<div class=\"e-con-inner\">\n\t\t\t\t<div class=\"elementor-element elementor-element-5fcd4f4 elementor-widget elementor-widget-text-editor\" data-id=\"5fcd4f4\" data-element_type=\"widget\" data-widget_type=\"text-editor.default\">\n\t\t\t\t\t\t\t\t\t<p><strong>Dein Report.<\/strong><\/p>\t\t\t\t\t\t\t\t<\/div>\n\t\t\t\t\t<\/div>\n\t\t\t\t<\/div>\n\t\t<div class=\"elementor-element elementor-element-59815f5 e-flex e-con-boxed e-con e-parent\" data-id=\"59815f5\" data-element_type=\"container\">\n\t\t\t\t\t<div class=\"e-con-inner\">\n\t\t\t\t<div class=\"elementor-element elementor-element-9d7ff65 elementor-widget elementor-widget-spacer\" data-id=\"9d7ff65\" data-element_type=\"widget\" data-widget_type=\"spacer.default\">\n\t\t\t\t\t\t\t<div class=\"elementor-spacer\">\n\t\t\t<div class=\"elementor-spacer-inner\"><\/div>\n\t\t<\/div>\n\t\t\t\t\t\t<\/div>\n\t\t\t\t\t<\/div>\n\t\t\t\t<\/div>\n\t\t\t\t<\/div>\n\t\t","protected":false},"excerpt":{"rendered":"<p>Willkommen bei HTL 3 Report! Unsere neuen Schulplattform von Sch\u00fclerInnen f\u00fcr Sch\u00fclerInnen!\u2028 Hier findest du aktuelle News, spannende Berichte und lustige Einblicke in den Alltag unserer Schule.Ob TOFT-Berichte, zuk\u00fcnftige Events, SV-Informationen oder einfach ein paar Schnappsch\u00fcsse aus dem Schulleben. Wir halten DICH immer auf dem Laufenden. Deine News. Dein Schulleben. Dein Report.<\/p>\n","protected":false},"author":1,"featured_media":0,"parent":0,"menu_order":0,"comment_status":"closed","ping_status":"closed","template":"","meta":{"_kad_post_transparent":"","_kad_post_title":"hide","_kad_post_layout":"fullwidth","_kad_post_sidebar_id":"","_kad_post_content_style":"unboxed","_kad_post_vertical_padding":"hide","_kad_post_feature":"hide","_kad_post_feature_position":"","_kad_post_header":false,"_kad_post_footer":false,"_kad_post_classname":"","footnotes":""},"class_list":["post-118","page","type-page","status-publish","hentry"],"_links":{"self":[{"href":"https:\/\/htl3report.htlwien3.schulwebspace.at\/index.php?rest_route=\/wp\/v2\/pages\/118","targetHints":{"allow":["GET"]}}],"collection":[{"href":"https:\/\/htl3report.htlwien3.schulwebspace.at\/index.php?rest_route=\/wp\/v2\/pages"}],"about":[{"href":"https:\/\/htl3report.htlwien3.schulwebspace.at\/index.php?rest_route=\/wp\/v2\/types\/page"}],"author":[{"embeddable":true,"href":"https:\/\/htl3report.htlwien3.schulwebspace.at\/index.php?rest_route=\/wp\/v2\/users\/1"}],"replies":[{"embeddable":true,"href":"https:\/\/htl3report.htlwien3.schulwebspace.at\/index.php?rest_route=%2Fwp%2Fv2%2Fcomments&post=118"}],"version-history":[{"count":26,"href":"https:\/\/htl3report.htlwien3.schulwebspace.at\/index.php?rest_route=\/wp\/v2\/pages\/118\/revisions"}],"predecessor-version":[{"id":166,"href":"https:\/\/htl3report.htlwien3.schulwebspace.at\/index.php?rest_route=\/wp\/v2\/pages\/118\/revisions\/166"}],"wp:attachment":[{"href":"https:\/\/htl3report.htlwien3.schulwebspace.at\/index.php?rest_route=%2Fwp%2Fv2%2Fmedia&parent=118"}],"curies":[{"name":"wp","href":"https:\/\/api.w.org\/{rel}","templated":true}]}}